{"id":134,"date":"2021-07-26T18:41:29","date_gmt":"2021-07-26T16:41:29","guid":{"rendered":"https:\/\/concept-et-flamme.com\/boutique\/?page_id=134"},"modified":"2025-02-20T14:52:49","modified_gmt":"2025-02-20T13:52:49","slug":"mentions-legales","status":"publish","type":"page","link":"https:\/\/concept-et-flamme.com\/boutique\/mentions-legales\/","title":{"rendered":"Mentions l\u00e9gales"},"content":{"rendered":"<p>[et_pb_section fb_built=\u00a0\u00bb1&Prime; _builder_version=\u00a0\u00bb4.16&Prime; _module_preset=\u00a0\u00bbdefault\u00a0\u00bb global_colors_info=\u00a0\u00bb{}\u00a0\u00bb][et_pb_row _builder_version=\u00a0\u00bb4.16&Prime; _module_preset=\u00a0\u00bbdefault\u00a0\u00bb global_colors_info=\u00a0\u00bb{}\u00a0\u00bb][et_pb_column type=\u00a0\u00bb4_4&Prime; _builder_version=\u00a0\u00bb4.16&Prime; _module_preset=\u00a0\u00bbdefault\u00a0\u00bb global_colors_info=\u00a0\u00bb{}\u00a0\u00bb][et_pb_text _builder_version=\u00a0\u00bb4.16&Prime; _module_preset=\u00a0\u00bbdefault\u00a0\u00bb header_text_color=\u00a0\u00bb#FA9119&Prime; global_colors_info=\u00a0\u00bb{}\u00a0\u00bb]<\/p>\n<h1>Conditions d&rsquo;utilisation<\/h1>\n<p>Nous vous prions de bien vouloir lire attentivement les conditions d&rsquo;utilisation du site internet www.concept-et-flamme.com avant de continuer votre navigation. Nous vous invitons \u00e0 lire attentivement les Mentions L\u00e9gales ainsi que la Politique de Traitement des Donn\u00e9es Personnelles.<\/p>\n<p>Le site internet www.concept-et-flamme.com est la propri\u00e9t\u00e9 exclusive de CONCEPT &amp; FLAMME.<\/p>\n<p>SARL (Soci\u00e9t\u00e9 A Responsabilit\u00e9 Limit\u00e9e)<br \/>n\u00b0 SIRET : 527 947 386 00027 &#8211; APE 4322B \u2013 TVA FR77527947386<br \/>Responsable de l\u2019entreprise : Mr Szostak Bruno<br \/>Capital Social 8000\u20ac<\/p>\n<p>6 rue de Cracovie<br \/>21000 DIJON &#8211; FRANCE<br \/>T\u00e9l\u00e9phone : +33 (0)3 80 66 76 35<br \/>Email :<span>\u00a0<\/span><span id=\"cloakbee45f397906d0a20526f21e7059e435\"><a href=\"mailto:contact@concept-et-flamme.com\">contact@concept-et-flamme.com<\/a><\/span><\/p>\n<p>Les termes suivants seront interpr\u00e9t\u00e9s dans les Mentions L\u00e9gales et dans la Politique de Traitement des Donn\u00e9es Personnelles, selon la d\u00e9finition suivante :<\/p>\n<ul>\n<li>\u00ab site \u00bb d\u00e9signe le site web www.concept-et-flamme.com, dont tout le contenu comme les textes, graphismes, photos, graphiques, sons, donn\u00e9es, images, logiciels, etc. sont d\u00e9tenus par CONCEPT &amp; FLAMME ou conc\u00e9d\u00e9s \u00e0 CONCEPT &amp; FLAMME.<\/li>\n<li>\u00ab\u00e9l\u00e9ments du site\u00bb d\u00e9signe les logiciels, services, fonctionnalit\u00e9s, informations et plus g\u00e9n\u00e9ralement de tous les \u00e9l\u00e9ments et donn\u00e9es composant le site.<\/li>\n<li>\u00abutilisateur\u00bb d\u00e9signe toute personne venant sur le site et naviguant dans les parties publiques du site.<\/li>\n<\/ul>\n<h1>MENTIONS L\u00c9GALES<\/h1>\n<p>Le site est fourni par CONCEPT &amp; FLAMME et ne peut \u00eatre utilis\u00e9 qu&rsquo;\u00e0 des fins informatives. En utilisant le site ou en t\u00e9l\u00e9chargeant des \u00e9l\u00e9ments du site, vous vous engagez \u00e0 respecter les termes et conditions stipul\u00e9es dans ces Mentions L\u00e9gales. Si vous n&rsquo;acceptez pas de respecter ces termes et conditions, veuillez ne pas utiliser ce site ou ne pas y t\u00e9l\u00e9charger de documents.<br \/>Par le pr\u00e9sent document, vous reconnaissez \u00eatre d&rsquo;accord avec ce qui suit :<\/p>\n<ul>\n<li>CONCEPT &amp; FLAMME est le propri\u00e9taire du site web accessible \u00e0 l\u2019adresse suivante<span>\u00a0<\/span><a href=\"http:\/\/www.concept-et-flamme.com\/\">www.concept-et-flamme.com<\/a><\/li>\n<li>Les mentions l\u00e9gales d\u00e9finissent la relation contractuelle entre CONCEPT &amp; FLAMME et chaque utilisateur ayant acc\u00e8s ou utilisant le \u00ab site \u00bb.<\/li>\n<\/ul>\n<h3>1. Dur\u00e9e<\/h3>\n<p>Les mentions l\u00e9gales et leurs futurs amendements resteront valides aussi longtemps qu\u2019ils seront accessibles sur le site.<\/p>\n<h3>2. Les services du site<\/h3>\n<p>Le site est disponible 24 heures sur 24, 7 jours sur 7.<\/p>\n<p>CONCEPT &amp; FLAMME se r\u00e9serve le droit d\u2019interrompre occasionnellement les services du site sans justification ou de suspendre, quelle qu\u2019en soit la raison, \u00e0 tout moment et sans notification pr\u00e9alable, l\u2019acc\u00e8s au site et aux \u00e9l\u00e9ments du site.<\/p>\n<p>L\u2019utilisateur s\u2019interdit d\u2019engager la responsabilit\u00e9 de CONCEPT &amp; FLAMME pour les cons\u00e9quences possibles d\u2019une interruption ou d\u2019une suspension du site, quelle qu\u2019en soit sa dur\u00e9e.<\/p>\n<h3>3. Propri\u00e9t\u00e9 \/ Droit d\u2019utilisation<\/h3>\n<p>CONCEPT &amp; FLAMME est propri\u00e9taire ou d\u00e9tenteur de licences pour tous les droits sur les \u00e9l\u00e9ments du site.<\/p>\n<p>CONCEPT &amp; FLAMME accorde \u00e0 l&rsquo;utilisateur un droit d\u2019utilisation du site, mondial, non-exclusif, non transf\u00e9rable et limit\u00e9e pour acc\u00e9der et utiliser le site. L\u2019utilisateur a le droit de t\u00e9l\u00e9charger, voir, copier et imprimer tout \u00e9l\u00e9ment du site pour son propre usage personnel exclusivement: Toute reproduction et toute utilisation de copie r\u00e9alis\u00e9e \u00e0 d\u2019autres fins est express\u00e9ment interdite. Malgr\u00e9 la concession accord\u00e9e ci-dessus, l\u2019utilisateur ne peut pas modifier, transf\u00e9rer, vendre, reproduire, diffuser, sous-licencier ou publier des \u00e9l\u00e9ments du site.<\/p>\n<p>Aucune licence, ni aucun droit que celui de consulter le site, n\u2019est conf\u00e9r\u00e9 \u00e0 l\u2019utilisateur. En particulier, l&rsquo;utilisateur est express\u00e9ment priv\u00e9 de la possibilit\u00e9 de modifier de quelque fa\u00e7on que ce soit, de traduire ou d\u2019int\u00e9grer tout ou partie des \u00e9l\u00e9ments du site. Par ailleurs, les signes distinctifs, notamment, les d\u00e9nominations sociales, logos, produits et marques cit\u00e9s ou figurant dans les \u00e9l\u00e9ments du site sont la propri\u00e9t\u00e9 de CONCEPT &amp; FLAMME. Ils ne peuvent \u00eatre utilis\u00e9s sans l\u2019accord pr\u00e9alable de CONCEPT &amp; FLAMME.<\/p>\n<p>L\u2019utilisateur qui fournit des informations \u00e0 CONCEPT &amp; FLAMME consent \u00e0 CONCEPT &amp; FLAMME l\u2019int\u00e9gralit\u00e9 des droits transf\u00e9rables relatifs \u00e0 cette information et autorise CONCEPT &amp; FLAMME \u00e0 l\u2019utiliser comme bon lui semble. Les dites informations seront consid\u00e9r\u00e9es comme non confidentielles. En cons\u00e9quence, l\u2019utilisateur accorde \u00e0 CONCEPT &amp; FLAMME pour la dur\u00e9e de Les mentions l\u00e9gales, conform\u00e9ment \u00e0 Les mentions l\u00e9gales, le droit mondial, non exclusif et non transf\u00e9rable, de reproduire et de pr\u00e9senter sur tout support num\u00e9rique les \u00e9l\u00e9ments du site, ainsi que tous les signes distinctifs comme les marques et les logos.<\/p>\n<h3>4. Fourniture de donn\u00e9es par utilisateurs<\/h3>\n<p>L\u2019utilisateur garantit \u00e0 CONCEPT &amp; FLAMME :<\/p>\n<ul>\n<li>que les informations, les donn\u00e9es et tout autre \u00e9l\u00e9ment fourni sur le site sont exacts, pr\u00e9cis, actuels, complets et convenables ;<\/li>\n<li>qu\u2019il est autoris\u00e9 \u00e0 fournir de telles informations, donn\u00e9es et \u00e9l\u00e9ments ;<\/li>\n<li>et que ces informations, donn\u00e9es et \u00e9l\u00e9ments fournis sur le site ne sont pas soumis aux droits d\u2019un tiers et, en particulier, ne violent pas de droits pr\u00e9existants de tiers.<\/li>\n<\/ul>\n<p>L\u2019utilisateur tiendra CONCEPT &amp; FLAMME indemne de toute poursuite ou action en justice, objection et opposition intent\u00e9e sur le fondement d\u2019une telle violation. L\u2019utilisateur tiendra \u00e9galement indemne CONCEPT &amp; FLAMME de toute poursuite ou action en justice intent\u00e9e par tout tiers, qui serait fond\u00e9e sur la nature erron\u00e9e ou trompeuse des informations post\u00e9es sur le site par l\u2019utilisateur.<\/p>\n<p>L\u2019utilisateur n\u2019utilisera pas les outils et fonctionnalit\u00e9s du site d\u2019une mani\u00e8re impropre \u00e0 leur destination ni ne placera de virus au travers de documents ou programmes ou n\u2019agira pas d\u2019une mani\u00e8re telle qu\u2019il pourrait cr\u00e9er un dommage, s\u2019immiscer ou copier un logiciel, des donn\u00e9es ou des informations du site.<\/p>\n<h3>5. Exclusion de Garantie<\/h3>\n<p>L\u2019acc\u00e8s et la navigation sur le \u00ab site \u00bb s\u2019op\u00e8re aux risques de l\u2019utilisateur.<\/p>\n<p>Le site peut contenir des inexactitudes ou des erreurs typographiques. CONCEPT &amp; FLAMME ne garantit pas l&rsquo;exactitude de l&rsquo;information ou la fiabilit\u00e9 de toute opinion, d\u00e9claration ou information affich\u00e9e ou diffus\u00e9e par le site.<\/p>\n<p>L\u2019utilisateur reconnait que la valeur qu\u2019il accorde aux informations, conseils, opinions, jugement d\u00e9pend de sa seule responsabilit\u00e9. CONCEPT &amp; FLAMME se r\u00e9serve le droit, \u00e0 tout moment, de corriger les erreurs ou omissions dans tout ou partie du site. CONCEPT &amp; FLAMME peut op\u00e9rer des changements au site et aux \u00e9l\u00e9ments du site \u00e0 tout moment et sans pr\u00e9avis. CONCEPT &amp; FLAMME peut, \u00e0 tout moment restreindre l\u2019acc\u00e8s ou emp\u00eacher l\u2019utilisateur d\u2019acc\u00e9der au site ou aux \u00e9l\u00e9ments du site.<\/p>\n<h3>6. Limitation de Responsabilit\u00e9<\/h3>\n<p>En aucun cas l\u2019utilisateur ne recherchera la responsabilit\u00e9 de CONCEPT &amp; FLAMME pour tout dommage immat\u00e9riel tel que, sans que cette liste soit exhaustive, pertes de production, pertes de revenu, pertes de marge, pertes de chance, pertes d\u2019affaires ou pertes d\u2019opportunit\u00e9, et autre perte financi\u00e8re qui peuvent \u00eatre caus\u00e9s par l&rsquo;utilisation ou par l&rsquo;incapacit\u00e9 d&rsquo;utiliser le site ou les \u00e9l\u00e9ments du site m\u00eame si CONCEPT &amp; FLAMME est express\u00e9ment inform\u00e9e de la possibilit\u00e9 de tels dommages ou pertes.<\/p>\n<p>Les utilisateurs reconnaissent que CONCEPT &amp; FLAMME, de m\u00eame que ses fournisseurs d\u2019informations et de services (et en particulier ses fournisseurs d\u2019h\u00e9bergement) ne pourront en aucun cas \u00eatre tenus responsables de tout dommage \u00e0 l\u2019utilisateur qui pourrait d\u00e9couler directement ou indirectement de la diffusion d\u2019informations erron\u00e9es ou de tout retard dans la prestation de service et\/ou diffusion d\u2019informations ayant notamment pour cause des interruptions de service du site li\u00e9es \u00e0 des d\u00e9fauts techniques, des interruptions de connexion ou des interventions frauduleuses de tiers.<\/p>\n<p>Les utilisateurs renoncent \u00e0 tout recours contre CONCEPT &amp; FLAMME pour tout dommage, co\u00fbt, frais r\u00e9sultant d\u2019une incompr\u00e9hension ou d\u2019un manque de connaissance de Les mentions l\u00e9gales ou de l\u2019utilisation des fonctionnalit\u00e9s du site.<\/p>\n<h3>7. Divers<\/h3>\n<p>Si une ou plusieurs dispositions de Les mentions l\u00e9gales se r\u00e9v\u00e9laient inapplicables ou non valables ou d\u00e9clar\u00e9es comme telles par l\u2019application de la loi, d\u2019un r\u00e8glement ou d\u2019une d\u00e9cision finale d\u2019une juridiction comp\u00e9tente, les autres dispositions demeurent et restent pleinement applicables.<\/p>\n<h3>8. Loi applicable<\/h3>\n<p>Les pr\u00e9sentes mentions l\u00e9gales et l\u2019utilisation du site par l\u2019utilisateur sont soumises au droit fran\u00e7ais.<\/p>\n<h3>9. Litiges<\/h3>\n<p>Tout litige d\u00e9coulant directement ou indirectement de ces mentions l\u00e9gales ou s\u2019y rapportant sera soumis exclusivement au Tribunal de Commerce de Dijon, France.<\/p>\n<h2>POLITIQUE DE TRAITEMENT DES DONNEES PERSONNELLES<\/h2>\n<p>Cette politique de traitement des donn\u00e9es personnelles fait partie des Mentions L\u00e9gales du site et s\u2019applique \u00e0 tout utilisateur du site www.concept-et-flamme.com et d\u00e9crit le traitement des donn\u00e9es personnelles \u00e9ventuellement collect\u00e9es par CONCEPT &amp; FLAMME lors de l\u2019acc\u00e8s au site par l\u2019utilisateur ainsi que pendant son utilisation.<\/p>\n<h3>1. Collecte de donn\u00e9es personnelles<\/h3>\n<p>En utilisant le site et en fournissant des informations personnelles, l&rsquo;utilisateur consent \u00e0 la collecte et l&rsquo;utilisation de donn\u00e9es conform\u00e9ment \u00e0 cette politique de traitement des donn\u00e9es personnelles.<br \/>Les donn\u00e9es personnelles fournies par les utilisateurs peuvent \u00eatre conserv\u00e9es par CONCEPT &amp; FLAMME afin de garder une trace de l\u2019acc\u00e8s au site par l\u2019utilisateur, de le satisfaire par la cr\u00e9ation d\u2019un profil utilisateur, ou de le contacter par un message \u00e9lectronique ou par d\u2019autres moyens.<\/p>\n<p>CONCEPT &amp; FLAMME n\u2019a pas l\u2019intention de conserver les donn\u00e9es personnelles ainsi collect\u00e9es plus longtemps que l\u2019objet de la collecte ne le n\u00e9cessite.<\/p>\n<h3>2. Cookies<\/h3>\n<p>L\u2019utilisateur est inform\u00e9 que CONCEPT &amp; FLAMME se r\u00e9serve la possibilit\u00e9 d&rsquo;implanter des \u00ab cookies \u00bb, qui sont des fichiers d\u2019informations pouvant \u00eatre transf\u00e9r\u00e9s sur le disque dur de l\u2019utilisateur, afin d&rsquo;enregistrer toute information relative \u00e0 la navigation de son ordinateur sur le site.<\/p>\n<p>Les cookies aident CONCEPT &amp; FLAMME \u00e0 voir comment le site est utilis\u00e9, permettent d\u2019effectuer des am\u00e9liorations et des mises \u00e0 jour du site bas\u00e9es sur des donn\u00e9es (telles que par exemple le nombre d\u2019utilisateurs connect\u00e9s au site) rassembl\u00e9es par les cookies. Tout utilisateur a la possibilit\u00e9 de s\u2019opposer \u00e0 l\u2019enregistrement d\u2019un cookie en configurant le navigateur afin que ce dernier l\u2019avertisse avant toute installation d\u2019un cookie, ou bien m\u00eame de refuser toute installation de cookies si une telle fonctionnalit\u00e9 est incluse dans son navigateur.<\/p>\n<p>Le refus d\u2019autoriser les cookies peut emp\u00eacher le site de fonctionner correctement.<\/p>\n<h3>3. Utilisation des donn\u00e9es fournies par l\u2019utilisateur<\/h3>\n<p>CONCEPT &amp; FLAMME se r\u00e9serve le droit d\u2019entreprendre des \u00e9tudes et analyses statistiques \u00e0 partir des informations et des donn\u00e9es fournies par l\u2019utilisateur, ainsi que de les utiliser \u00e0 des fins \u00e9ditoriales afin d\u2019am\u00e9liorer la qualit\u00e9 des services disponibles sur le site.<\/p>\n<h3>4. Liens vers d\u2019autres sites<\/h3>\n<p>Le site de CONCEPT &amp; FLAMME contient des liens vers d\u2019autres sites appartenant \u00e0 des tiers sur lesquels CONCEPT &amp; FLAMME ne dispose d\u2019aucun contr\u00f4le et sur le contenu desquels CONCEPT &amp; FLAMME ne saurait \u00eatre tenu responsable.<\/p>\n<p>CONCEPT &amp; FLAMME ne peut \u00eatre tenu responsable du traitement des donn\u00e9es personnelles, des pratiques et du contenu des sites appartenant \u00e0 des tiers et dont l\u2019acc\u00e8s par l\u2019utilisateur se fait \u00e0 ses risques et p\u00e9rils.<\/p>\n<p>CONCEPT &amp; FLAMME invite l\u2019utilisateur \u00e0 \u00e9tudier le traitement des donn\u00e9es personnelles, appliqu\u00e9e au site appartenant \u00e0 des tiers et \u00e0 v\u00e9rifier aussi les modalit\u00e9s de traitements des donn\u00e9es personnelles, lorsque l\u2019utilisateur clique ou interagit avec un lien menant vers un site appartenant \u00e0 des tiers.<\/p>\n<h3>5. Engagement de l\u2019utilisateur<\/h3>\n<p>L&rsquo;utilisateur s&rsquo;abstiendra de tout acte dommageable \u00e0 la vie priv\u00e9e ou \u00e0 la r\u00e9putation des autres parties ou de toute autre personne en \u00e9vitant tout commentaire, message ou texte diffamatoire, provocateur, malveillant ou mena\u00e7ant.<\/p>\n<p>L\u2019utilisateur du site qui fournit des informations et donn\u00e9es \u00e0 CONCEPT &amp; FLAMME au travers du site garantit l\u2019exactitude et la v\u00e9racit\u00e9 de ces informations et donn\u00e9es, et est pleinement habilit\u00e9 et autoris\u00e9 \u00e0 fournir de telles informations et donn\u00e9es.<\/p>\n<p>Toute utilisation du site est en permanence soumise au respect des dispositions du droit applicable et le fait d&rsquo;enfreindre celui-ci peut entra\u00eener des poursuites judiciaires.<\/p>\n<h3>6. Droit de l\u2019utilisateur d\u2019acc\u00e9der \u00e0 ses donn\u00e9es personnelles<\/h3>\n<p>L\u2019utilisateur dispose d\u2019un contr\u00f4le sur ses donn\u00e9es personnelles conform\u00e9ment aux dispositions de la loi 78-17 du 6 janvier 1978 modifi\u00e9e relative \u00e0 l\u2019informatique, aux fichiers et aux libert\u00e9s. L\u2019utilisateur dispose d\u2019un droit d\u2019acc\u00e8s, de suppression et de rectification de ses donn\u00e9es personnelles. Pour se faire, l\u2019utilisateur est invit\u00e9 \u00e0 contacter le webmaster de www.concept-et-flamme.com \u00e0 l\u2019adresse suivante :<span>\u00a0<\/span><span id=\"cloakaa7fa5614d993af2d0f1dbbbd8a3e2e6\"><a href=\"mailto:contact@concept-et-flamme.com\">contact@concept-et-flamme.com<\/a><\/span><span>\u00a0<\/span>ou \u00e0 \u00e9crire \u00e0 Webmaster, CONCEPT &amp; FLAMME, 6 rue de Cracovie, 21000 Dijon, France. En conformit\u00e9 avec la l\u00e9gislation prot\u00e9geant les informations personnelles, le droit d\u2019acc\u00e8s aux donn\u00e9es personnelles est un droit personnel qui peut seulement \u00eatre exerc\u00e9e par la personne concern\u00e9e pour sa propre information.<\/p>\n<h3>7. Divulgation d\u2019informations personnelles concernant l\u2019utilisateur<\/h3>\n<p>CONCEPT &amp; FLAMME se r\u00e9serve le droit de divulguer \u00e0 tout moment toute information provenant du site et concernant les utilisateurs, afin de satisfaire les exigences l\u00e9gales.<\/p>\n<p>CONCEPT &amp; FLAMME ne vend pas les informations personnelles \u00e0 des tiers.<\/p>\n<p>CONCEPT &amp; FLAMME se r\u00e9serve le droit de divulguer et de signaler aux autorit\u00e9s les informations concernant les violations des utilisateurs de r\u00e8glement applicable au site ainsi que toute activit\u00e9 d\u2019utilisateur susceptible d\u2019\u00eatre ill\u00e9gale.<\/p>\n<h3>8. Modification<\/h3>\n<p>CONCEPT &amp; FLAMME se r\u00e9serve le droit de mettre \u00e0 jour et de modifier les dispositions de la pr\u00e9sente politique de traitement des donn\u00e9es personnelles selon les besoins et sans notification.<br \/>L&rsquo;utilisateur est d\u2019ores et d\u00e9j\u00e0 invit\u00e9 \u00e0 prendre r\u00e9guli\u00e8rement connaissance des termes de la pr\u00e9sente politique de traitement des donn\u00e9es personnelles.<\/p>\n<p>[\/et_pb_text][\/et_pb_column][\/et_pb_row][\/et_pb_section]<\/p>\n","protected":false},"excerpt":{"rendered":"<p>Conditions d&rsquo;utilisation Nous vous prions de bien vouloir lire attentivement les conditions d&rsquo;utilisation du site internet www.concept-et-flamme.com avant de continuer votre navigation. Nous vous invitons \u00e0 lire attentivement les Mentions L\u00e9gales ainsi que la Politique de Traitement des Donn\u00e9es Personnelles. Le site internet www.concept-et-flamme.com est la propri\u00e9t\u00e9 exclusive de CONCEPT &amp; FLAMME. SARL (Soci\u00e9t\u00e9 A [&hellip;]<\/p>\n","protected":false},"author":1,"featured_media":0,"parent":0,"menu_order":0,"comment_status":"closed","ping_status":"closed","template":"","meta":{"_et_pb_use_builder":"on","_et_pb_old_content":"","_et_gb_content_width":"","footnotes":""},"class_list":["post-134","page","type-page","status-publish","hentry"],"_links":{"self":[{"href":"https:\/\/concept-et-flamme.com\/boutique\/wp-json\/wp\/v2\/pages\/134","targetHints":{"allow":["GET"]}}],"collection":[{"href":"https:\/\/concept-et-flamme.com\/boutique\/wp-json\/wp\/v2\/pages"}],"about":[{"href":"https:\/\/concept-et-flamme.com\/boutique\/wp-json\/wp\/v2\/types\/page"}],"author":[{"embeddable":true,"href":"https:\/\/concept-et-flamme.com\/boutique\/wp-json\/wp\/v2\/users\/1"}],"replies":[{"embeddable":true,"href":"https:\/\/concept-et-flamme.com\/boutique\/wp-json\/wp\/v2\/comments?post=134"}],"version-history":[{"count":4,"href":"https:\/\/concept-et-flamme.com\/boutique\/wp-json\/wp\/v2\/pages\/134\/revisions"}],"predecessor-version":[{"id":623,"href":"https:\/\/concept-et-flamme.com\/boutique\/wp-json\/wp\/v2\/pages\/134\/revisions\/623"}],"wp:attachment":[{"href":"https:\/\/concept-et-flamme.com\/boutique\/wp-json\/wp\/v2\/media?parent=134"}],"curies":[{"name":"wp","href":"https:\/\/api.w.org\/{rel}","templated":true}]}}